{"id":674,"date":"2023-07-11T14:16:17","date_gmt":"2023-07-11T12:16:17","guid":{"rendered":"http:\/\/www.fanprojekt-mainz.de\/?page_id=674"},"modified":"2023-09-19T15:49:12","modified_gmt":"2023-09-19T13:49:12","slug":"test-seite-1","status":"publish","type":"page","link":"http:\/\/www.fanprojekt-mainz.de\/?page_id=674","title":{"rendered":"Aktuelles"},"content":{"rendered":"\n<p><strong>PRESSEMITTEILUNG<\/strong><\/p>\n\n\n\n<p><strong>Landkreis Mainz-Bingen unterst\u00fctzt nicht mehr<\/strong><\/p>\n\n\n\n<p>Seit 1994 arbeitet das Fanprojekt Mainz e.V. als anerkannter freier Tr\u00e4ger der Jugendhilfe auf der Basis des \u201eNationalen Konzepts Sport und Sicherheit\u201c und des Kinder- und Jugendhilfegesetzes.<\/p>\n\n\n\n<p>2017 gelang es erstmals den Landkreis Mainz-Bingen davon zu \u00fcberzeugen, das Jugendhilfeprojekt finanziell zu unterst\u00fctzen. Gut ein Drittel der Jugendlichen, die von den Sozialarbeitern betreut werden, wohnen im Kreis.<\/p>\n\n\n\n<p>Im letzten Jahr besuchten Vertreter\/innen der im Kreistag vertretenen Fraktionen gemeinsam mit Landr\u00e4tin Dorothea Sch\u00e4fer das Projekt in Mainz und es gab dabei deutliche Signale, auch 2023 die Arbeit, wie bisher, mit 22.000,00 \u20ac unterst\u00fctzen zu wollen.<\/p>\n\n\n\n<p>Nach mehreren Monaten kam anschlie\u00dfend vom Jugendamt in Ingelheim der Hinweis, dass nur noch mit einer 50% F\u00f6rderung gerechnet werden kann und diese dann auch nur noch ausschlie\u00dflich in konkret beantrage Projekte flie\u00dfen d\u00fcrfe. Also keine reine F\u00f6rderung der origin\u00e4ren Jugendsozialarbeit des Fanprojektes.<\/p>\n\n\n\n<p>Mitte Januar erfolgte schlie\u00dflich die Information des Jugendamts, dass 2023 keinerlei F\u00f6rderung mehr stattfinden wird. Eine Begr\u00fcndung hierf\u00fcr erfolgte nicht.<\/p>\n\n\n\n<p>\u201eDas trifft uns hart\u201c, so Detlev H\u00f6hne, der stellv. Vorsitzende des Fanprojekts, \u201edie DFL GmbH gibt uns f\u00fcr jeden Euro, der von der \u00f6ffentlichen Hand kommt, die gleiche Summe obendrauf.\u201c<\/p>\n\n\n\n<p>Der nun entstehende Verlust betr\u00e4gt demnach 44.000,00 \u20ac. Damit sei, so H\u00f6hne weiter, die Co- Finanzierung einer Sozialarbeiter*innenstelle gef\u00e4hrdet.<\/p>\n\n\n\n<p>Die Arbeit mit den Jugendlichen aus dem Kreis w\u00fcrde jedoch fortgesetzt, \u201ewir setzen niemanden vor die T\u00fcr\u201c.<\/p>\n\n\n\n<p><strong>F\u00fcr R\u00fcckfragen: Detlev H\u00f6hne (stellv. Vorsitzender) mobil: 0151-12549602<\/strong><\/p>\n\n\n\n<p><strong>&nbsp;&nbsp;&nbsp;&nbsp;&nbsp;&nbsp;&nbsp;&nbsp;&nbsp;&nbsp;&nbsp;&nbsp;&nbsp;&nbsp;&nbsp;&nbsp;&nbsp;&nbsp;&nbsp;&nbsp;&nbsp;&nbsp;&nbsp; &nbsp;&nbsp;&nbsp;&nbsp;&nbsp;Mail: <a href=\"mailto:detlev.hoehne@gmail.com\">detlev.hoehne@gmail.com<\/a><\/strong><\/p>\n","protected":false},"excerpt":{"rendered":"<p>PRESSEMITTEILUNG Landkreis Mainz-Bingen unterst\u00fctzt nicht mehr Seit 1994 arbeitet das Fanprojekt Mainz e.V. als anerkannter freier Tr\u00e4ger der Jugendhilfe auf der Basis des \u201eNationalen Konzepts Sport und Sicherheit\u201c und des Kinder- und Jugendhilfegesetzes. 2017 gelang es erstmals den Landkreis Mainz-Bingen davon zu \u00fcberzeugen, das Jugendhilfeprojekt finanziell zu unterst\u00fctzen. Gut ein Drittel der Jugendlichen, die von den Sozialarbeitern betreut werden, wohnen im Kreis. Im letzten Jahr besuchten Vertreter\/innen der im Kreistag vertretenen Fraktionen gemeinsam mit Landr\u00e4tin Dorothea Sch\u00e4fer das Projekt in Mainz und es gab dabei deutliche Signale, auch 2023 die Arbeit, wie bisher, mit 22.000,00 \u20ac unterst\u00fctzen zu wollen. Nach&#8230; <\/p>\n","protected":false},"author":2,"featured_media":0,"parent":0,"menu_order":0,"comment_status":"closed","ping_status":"closed","template":"","meta":{"footnotes":""},"class_list":["post-674","page","type-page","status-publish","hentry"],"_links":{"self":[{"href":"http:\/\/www.fanprojekt-mainz.de\/index.php?rest_route=\/wp\/v2\/pages\/674","targetHints":{"allow":["GET"]}}],"collection":[{"href":"http:\/\/www.fanprojekt-mainz.de\/index.php?rest_route=\/wp\/v2\/pages"}],"about":[{"href":"http:\/\/www.fanprojekt-mainz.de\/index.php?rest_route=\/wp\/v2\/types\/page"}],"author":[{"embeddable":true,"href":"http:\/\/www.fanprojekt-mainz.de\/index.php?rest_route=\/wp\/v2\/users\/2"}],"replies":[{"embeddable":true,"href":"http:\/\/www.fanprojekt-mainz.de\/index.php?rest_route=%2Fwp%2Fv2%2Fcomments&post=674"}],"version-history":[{"count":4,"href":"http:\/\/www.fanprojekt-mainz.de\/index.php?rest_route=\/wp\/v2\/pages\/674\/revisions"}],"predecessor-version":[{"id":758,"href":"http:\/\/www.fanprojekt-mainz.de\/index.php?rest_route=\/wp\/v2\/pages\/674\/revisions\/758"}],"wp:attachment":[{"href":"http:\/\/www.fanprojekt-mainz.de\/index.php?rest_route=%2Fwp%2Fv2%2Fmedia&parent=674"}],"curies":[{"name":"wp","href":"https:\/\/api.w.org\/{rel}","templated":true}]}}